{"id":41,"date":"2025-04-28T13:03:27","date_gmt":"2025-04-28T13:03:27","guid":{"rendered":"https:\/\/lp.magiscontabilidade.com.br\/?page_id=41"},"modified":"2025-05-08T14:14:15","modified_gmt":"2025-05-08T14:14:15","slug":"landing-page","status":"publish","type":"page","link":"https:\/\/lp.magiscontabilidade.com.br\/landing-page\/","title":{"rendered":"Landing page"},"content":{"rendered":"\t\t<div data-elementor-type=\"wp-page\" data-elementor-id=\"41\" class=\"elementor elementor-41\">\n\t\t\t\t<div class=\"elementor-element elementor-element-6bde158 e-con-full e-flex e-con e-parent\" data-id=\"6bde158\" data-element_type=\"container\" id=\"inicio\" data-settings=\"{&quot;background_background&quot;:&quot;classic&quot;}\">\n\t\t<div class=\"elementor-element elementor-element-51d8affb e-flex e-con-boxed e-con e-child\" data-id=\"51d8affb\" data-element_type=\"container\">\n\t\t\t\t\t<div class=\"e-con-inner\">\n\t\t\t\t<div class=\"elementor-element elementor-element-3eaa0ed elementor-widget elementor-widget-heading\" data-id=\"3eaa0ed\" data-element_type=\"widget\" data-widget_type=\"heading.default\">\n\t\t\t\t<div class=\"elementor-widget-container\">\n\t\t\t\t\t<h1 class=\"elementor-heading-title elementor-size-default\">Sua Cl\u00ednica <br>em boas m\u00e3os<\/h1>\t\t\t\t<\/div>\n\t\t\t\t<\/div>\n\t\t\t\t<div class=\"elementor-element elementor-element-71e7e1eb elementor-widget__width-initial elementor-widget-mobile__width-inherit elementor-widget elementor-widget-heading\" data-id=\"71e7e1eb\" data-element_type=\"widget\" data-widget_type=\"heading.default\">\n\t\t\t\t<div class=\"elementor-widget-container\">\n\t\t\t\t\t<h2 class=\"elementor-heading-title elementor-size-default\"><p data-start=\"823\" data-end=\"956\">Solicite agora um <strong data-start=\"858\" data-end=\"891\">Diagn\u00f3stico Cont\u00e1bil Gratuito<\/strong> e descubra estrat\u00e9gias legais para reduzir sua carga tribut\u00e1ria.<\/p><\/h2>\t\t\t\t<\/div>\n\t\t\t\t<\/div>\n\t\t\t\t<div class=\"elementor-element elementor-element-4525787 btn-whatsapp elementor-widget elementor-widget-button\" data-id=\"4525787\" data-element_type=\"widget\" data-widget_type=\"button.default\">\n\t\t\t\t<div class=\"elementor-widget-container\">\n\t\t\t\t\t\t\t\t\t<div class=\"elementor-button-wrapper\">\n\t\t\t\t\t<a class=\"elementor-button elementor-button-link elementor-size-sm elementor-animation-bob\" href=\"https:\/\/wa.me\/message\/VO5GHILONDUQC1\">\n\t\t\t\t\t\t<span class=\"elementor-button-content-wrapper\">\n\t\t\t\t\t\t<span class=\"elementor-button-icon\">\n\t\t\t\t<svg aria-hidden=\"true\" class=\"e-font-icon-svg e-fab-whatsapp\" viewBox=\"0 0 448 512\" xmlns=\"http:\/\/www.w3.org\/2000\/svg\"><path d=\"M380.9 97.1C339 55.1 283.2 32 223.9 32c-122.4 0-222 99.6-222 222 0 39.1 10.2 77.3 29.6 111L0 480l117.7-30.9c32.4 17.7 68.9 27 106.1 27h.1c122.3 0 224.1-99.6 224.1-222 0-59.3-25.2-115-67.1-157zm-157 341.6c-33.2 0-65.7-8.9-94-25.7l-6.7-4-69.8 18.3L72 359.2l-4.4-7c-18.5-29.4-28.2-63.3-28.2-98.2 0-101.7 82.8-184.5 184.6-184.5 49.3 0 95.6 19.2 130.4 54.1 34.8 34.9 56.2 81.2 56.1 130.5 0 101.8-84.9 184.6-186.6 184.6zm101.2-138.2c-5.5-2.8-32.8-16.2-37.9-18-5.1-1.9-8.8-2.8-12.5 2.8-3.7 5.6-14.3 18-17.6 21.8-3.2 3.7-6.5 4.2-12 1.4-32.6-16.3-54-29.1-75.5-66-5.7-9.8 5.7-9.1 16.3-30.3 1.8-3.7.9-6.9-.5-9.7-1.4-2.8-12.5-30.1-17.1-41.2-4.5-10.8-9.1-9.3-12.5-9.5-3.2-.2-6.9-.2-10.6-.2-3.7 0-9.7 1.4-14.8 6.9-5.1 5.6-19.4 19-19.4 46.3 0 27.3 19.9 53.7 22.6 57.4 2.8 3.7 39.1 59.7 94.8 83.8 35.2 15.2 49 16.5 66.6 13.9 10.7-1.6 32.8-13.4 37.4-26.4 4.6-13 4.6-24.1 3.2-26.4-1.3-2.5-5-3.9-10.5-6.6z\"><\/path><\/svg>\t\t\t<\/span>\n\t\t\t\t\t\t\t\t\t<span class=\"elementor-button-text\">Fale com um contador agora<\/span>\n\t\t\t\t\t<\/span>\n\t\t\t\t\t<\/a>\n\t\t\t\t<\/div>\n\t\t\t\t\t\t\t\t<\/div>\n\t\t\t\t<\/div>\n\t\t\t\t\t<\/div>\n\t\t\t\t<\/div>\n\t\t\t\t<\/div>\n\t\t<div class=\"elementor-element elementor-element-74657aa1 e-flex e-con-boxed e-con e-parent\" data-id=\"74657aa1\" data-element_type=\"container\" id=\"sobre\">\n\t\t\t\t\t<div class=\"e-con-inner\">\n\t\t<div class=\"elementor-element elementor-element-2d37348b e-con-full e-flex e-con e-child\" data-id=\"2d37348b\" data-element_type=\"container\" data-settings=\"{&quot;background_background&quot;:&quot;classic&quot;}\">\n\t\t\t\t<div class=\"elementor-element elementor-element-7a3db7f elementor-widget elementor-widget-image\" data-id=\"7a3db7f\" data-element_type=\"widget\" data-widget_type=\"image.default\">\n\t\t\t\t<div class=\"elementor-widget-container\">\n\t\t\t\t\t\t\t\t\t\t\t\t\t\t\t<img fetchpriority=\"high\" decoding=\"async\" width=\"800\" height=\"800\" src=\"https:\/\/lp.magiscontabilidade.com.br\/wp-content\/uploads\/2025\/04\/Design-sem-nome.png\" class=\"attachment-large size-large wp-image-51\" alt=\"\" srcset=\"https:\/\/lp.magiscontabilidade.com.br\/wp-content\/uploads\/2025\/04\/Design-sem-nome.png 1000w, https:\/\/lp.magiscontabilidade.com.br\/wp-content\/uploads\/2025\/04\/Design-sem-nome-300x300.png 300w, https:\/\/lp.magiscontabilidade.com.br\/wp-content\/uploads\/2025\/04\/Design-sem-nome-150x150.png 150w, https:\/\/lp.magiscontabilidade.com.br\/wp-content\/uploads\/2025\/04\/Design-sem-nome-768x768.png 768w\" sizes=\"(max-width: 800px) 100vw, 800px\" \/>\t\t\t\t\t\t\t\t\t\t\t\t\t\t\t<\/div>\n\t\t\t\t<\/div>\n\t\t\t\t<\/div>\n\t\t<div class=\"elementor-element elementor-element-32a33bdd e-con-full e-flex e-con e-child\" data-id=\"32a33bdd\" data-element_type=\"container\">\n\t\t\t\t<div class=\"elementor-element elementor-element-43ef83a5 elementor-widget elementor-widget-heading\" data-id=\"43ef83a5\" data-element_type=\"widget\" data-widget_type=\"heading.default\">\n\t\t\t\t<div class=\"elementor-widget-container\">\n\t\t\t\t\t<h2 class=\"elementor-heading-title elementor-size-default\"><p data-start=\"1139\" data-end=\"1178\" class=\"\"><strong data-start=\"1139\" data-end=\"1178\">Com a Magis Contabilidade voc\u00ea tem:<\/strong><span style=\"background-color: transparent\"><\/span><\/p><\/h2>\t\t\t\t<\/div>\n\t\t\t\t<\/div>\n\t\t\t\t<div class=\"elementor-element elementor-element-67ae77d2 elementor-widget elementor-widget-text-editor\" data-id=\"67ae77d2\" data-element_type=\"widget\" data-widget_type=\"text-editor.default\">\n\t\t\t\t<div class=\"elementor-widget-container\">\n\t\t\t\t\t\t\t\t\t<ul><li class=\"\" data-start=\"1179\" data-end=\"1207\"><p class=\"\" data-start=\"1181\" data-end=\"1207\"><strong>Redu\u00e7\u00e3o segura de impostos.<\/strong><\/p><\/li><li class=\"\" data-start=\"1179\" data-end=\"1207\"><p class=\"\" data-start=\"1181\" data-end=\"1207\"><strong>Atendimento especializado para profissionais da sa\u00fade.<\/strong><\/p><\/li><li class=\"\" data-start=\"1179\" data-end=\"1207\"><p class=\"\" data-start=\"1181\" data-end=\"1207\"><strong><span style=\"font-family: -apple-system, BlinkMacSystemFont, 'Segoe UI', Roboto, 'Helvetica Neue', Arial, 'Noto Sans', sans-serif, 'Apple Color Emoji', 'Segoe UI Emoji', 'Segoe UI Symbol', 'Noto Color Emoji';\">Suporte r\u00e1pido pelo WhatsApp.<\/span><\/strong><\/p><\/li><li class=\"\" data-start=\"1208\" data-end=\"1263\"><strong>\u00a0Planos personalizados para cl\u00ednicas m\u00e9dicas<\/strong><em>.<\/em><\/li><\/ul>\t\t\t\t\t\t\t\t<\/div>\n\t\t\t\t<\/div>\n\t\t\t\t<div class=\"elementor-element elementor-element-232eb15b btn-whatsapp elementor-widget elementor-widget-button\" data-id=\"232eb15b\" data-element_type=\"widget\" data-widget_type=\"button.default\">\n\t\t\t\t<div class=\"elementor-widget-container\">\n\t\t\t\t\t\t\t\t\t<div class=\"elementor-button-wrapper\">\n\t\t\t\t\t<a class=\"elementor-button elementor-button-link elementor-size-sm elementor-animation-bob\" href=\"https:\/\/wa.me\/message\/VO5GHILONDUQC1\">\n\t\t\t\t\t\t<span class=\"elementor-button-content-wrapper\">\n\t\t\t\t\t\t<span class=\"elementor-button-icon\">\n\t\t\t\t<svg aria-hidden=\"true\" class=\"e-font-icon-svg e-fab-whatsapp\" viewBox=\"0 0 448 512\" xmlns=\"http:\/\/www.w3.org\/2000\/svg\"><path d=\"M380.9 97.1C339 55.1 283.2 32 223.9 32c-122.4 0-222 99.6-222 222 0 39.1 10.2 77.3 29.6 111L0 480l117.7-30.9c32.4 17.7 68.9 27 106.1 27h.1c122.3 0 224.1-99.6 224.1-222 0-59.3-25.2-115-67.1-157zm-157 341.6c-33.2 0-65.7-8.9-94-25.7l-6.7-4-69.8 18.3L72 359.2l-4.4-7c-18.5-29.4-28.2-63.3-28.2-98.2 0-101.7 82.8-184.5 184.6-184.5 49.3 0 95.6 19.2 130.4 54.1 34.8 34.9 56.2 81.2 56.1 130.5 0 101.8-84.9 184.6-186.6 184.6zm101.2-138.2c-5.5-2.8-32.8-16.2-37.9-18-5.1-1.9-8.8-2.8-12.5 2.8-3.7 5.6-14.3 18-17.6 21.8-3.2 3.7-6.5 4.2-12 1.4-32.6-16.3-54-29.1-75.5-66-5.7-9.8 5.7-9.1 16.3-30.3 1.8-3.7.9-6.9-.5-9.7-1.4-2.8-12.5-30.1-17.1-41.2-4.5-10.8-9.1-9.3-12.5-9.5-3.2-.2-6.9-.2-10.6-.2-3.7 0-9.7 1.4-14.8 6.9-5.1 5.6-19.4 19-19.4 46.3 0 27.3 19.9 53.7 22.6 57.4 2.8 3.7 39.1 59.7 94.8 83.8 35.2 15.2 49 16.5 66.6 13.9 10.7-1.6 32.8-13.4 37.4-26.4 4.6-13 4.6-24.1 3.2-26.4-1.3-2.5-5-3.9-10.5-6.6z\"><\/path><\/svg>\t\t\t<\/span>\n\t\t\t\t\t\t\t\t\t<span class=\"elementor-button-text\">Fale com um contador agora<\/span>\n\t\t\t\t\t<\/span>\n\t\t\t\t\t<\/a>\n\t\t\t\t<\/div>\n\t\t\t\t\t\t\t\t<\/div>\n\t\t\t\t<\/div>\n\t\t\t\t<\/div>\n\t\t\t\t\t<\/div>\n\t\t\t\t<\/div>\n\t\t<div class=\"elementor-element elementor-element-185384dd e-flex e-con-boxed e-con e-parent\" data-id=\"185384dd\" data-element_type=\"container\" id=\"servicos\">\n\t\t\t\t\t<div class=\"e-con-inner\">\n\t\t\t\t<div class=\"elementor-element elementor-element-47aa5787 elementor-widget elementor-widget-heading\" data-id=\"47aa5787\" data-element_type=\"widget\" data-widget_type=\"heading.default\">\n\t\t\t\t<div class=\"elementor-widget-container\">\n\t\t\t\t\t<h2 class=\"elementor-heading-title elementor-size-default\">Descubra nossos servi\u00e7os<\/h2>\t\t\t\t<\/div>\n\t\t\t\t<\/div>\n\t\t<div class=\"elementor-element elementor-element-4164fca8 e-con-full e-flex e-con e-child\" data-id=\"4164fca8\" data-element_type=\"container\">\n\t\t<div class=\"elementor-element elementor-element-2bab1bd5 e-con-full e-flex e-con e-child\" data-id=\"2bab1bd5\" data-element_type=\"container\" data-settings=\"{&quot;background_background&quot;:&quot;classic&quot;}\">\n\t\t<div class=\"elementor-element elementor-element-2eb8bef7 e-con-full e-flex e-con e-child\" data-id=\"2eb8bef7\" data-element_type=\"container\">\n\t\t\t\t<div class=\"elementor-element elementor-element-70e5371c elementor-widget elementor-widget-heading\" data-id=\"70e5371c\" data-element_type=\"widget\" data-widget_type=\"heading.default\">\n\t\t\t\t<div class=\"elementor-widget-container\">\n\t\t\t\t\t<span class=\"elementor-heading-title elementor-size-default\">Empresarial<\/span>\t\t\t\t<\/div>\n\t\t\t\t<\/div>\n\t\t\t\t<div class=\"elementor-element elementor-element-f760375 elementor-widget elementor-widget-heading\" data-id=\"f760375\" data-element_type=\"widget\" data-widget_type=\"heading.default\">\n\t\t\t\t<div class=\"elementor-widget-container\">\n\t\t\t\t\t<h3 class=\"elementor-heading-title elementor-size-default\">Folha de pagamento<\/h3>\t\t\t\t<\/div>\n\t\t\t\t<\/div>\n\t\t\t\t<div class=\"elementor-element elementor-element-667e4a68 elementor-widget elementor-widget-text-editor\" data-id=\"667e4a68\" data-element_type=\"widget\" data-widget_type=\"text-editor.default\">\n\t\t\t\t<div class=\"elementor-widget-container\">\n\t\t\t\t\t\t\t\t\t<p>Cuidamos de toda a sua folha de pagamento com agilidade e seguran\u00e7a: c\u00e1lculo de sal\u00e1rios, encargos, admiss\u00f5es, demiss\u00f5es e obriga\u00e7\u00f5es legais. Deixe a parte burocr\u00e1tica conosco e foque no crescimento da sua cl\u00ednica!<\/p>\t\t\t\t\t\t\t\t<\/div>\n\t\t\t\t<\/div>\n\t\t\t\t<\/div>\n\t\t\t\t<div class=\"elementor-element elementor-element-1ef3eb04 elementor-widget__width-inherit img-servico elementor-widget elementor-widget-image\" data-id=\"1ef3eb04\" data-element_type=\"widget\" data-widget_type=\"image.default\">\n\t\t\t\t<div class=\"elementor-widget-container\">\n\t\t\t\t\t\t\t\t\t\t\t\t\t\t\t<img decoding=\"async\" width=\"405\" height=\"350\" src=\"https:\/\/lp.magiscontabilidade.com.br\/wp-content\/uploads\/2025\/04\/img-servico-01.jpg\" class=\"attachment-large size-large wp-image-19\" alt=\"\" srcset=\"https:\/\/lp.magiscontabilidade.com.br\/wp-content\/uploads\/2025\/04\/img-servico-01.jpg 405w, https:\/\/lp.magiscontabilidade.com.br\/wp-content\/uploads\/2025\/04\/img-servico-01-300x259.jpg 300w\" sizes=\"(max-width: 405px) 100vw, 405px\" \/>\t\t\t\t\t\t\t\t\t\t\t\t\t\t\t<\/div>\n\t\t\t\t<\/div>\n\t\t\t\t<\/div>\n\t\t<div class=\"elementor-element elementor-element-3381678a e-con-full e-flex e-con e-child\" data-id=\"3381678a\" data-element_type=\"container\" data-settings=\"{&quot;background_background&quot;:&quot;classic&quot;}\">\n\t\t<div class=\"elementor-element elementor-element-5972fc75 e-con-full e-flex e-con e-child\" data-id=\"5972fc75\" data-element_type=\"container\">\n\t\t\t\t<div class=\"elementor-element elementor-element-67063dcb elementor-widget elementor-widget-heading\" data-id=\"67063dcb\" data-element_type=\"widget\" data-widget_type=\"heading.default\">\n\t\t\t\t<div class=\"elementor-widget-container\">\n\t\t\t\t\t<span class=\"elementor-heading-title elementor-size-default\">Pessoal<\/span>\t\t\t\t<\/div>\n\t\t\t\t<\/div>\n\t\t\t\t<div class=\"elementor-element elementor-element-7da00050 elementor-widget elementor-widget-heading\" data-id=\"7da00050\" data-element_type=\"widget\" data-widget_type=\"heading.default\">\n\t\t\t\t<div class=\"elementor-widget-container\">\n\t\t\t\t\t<h3 class=\"elementor-heading-title elementor-size-default\">consultoria CONT\u00c1BIL<\/h3>\t\t\t\t<\/div>\n\t\t\t\t<\/div>\n\t\t\t\t<div class=\"elementor-element elementor-element-1abeddd0 elementor-widget elementor-widget-text-editor\" data-id=\"1abeddd0\" data-element_type=\"widget\" data-widget_type=\"text-editor.default\">\n\t\t\t\t<div class=\"elementor-widget-container\">\n\t\t\t\t\t\t\t\t\t<p class=\"\" data-start=\"760\" data-end=\"1026\">Precisa de solu\u00e7\u00f5es espec\u00edficas para sua empresa?<br data-start=\"809\" data-end=\"812\" \/>Nossa consultoria cont\u00e1bil oferece orienta\u00e7\u00f5es pontuais para projetos especiais, reestrutura\u00e7\u00f5es, planejamento tribut\u00e1rio e tomadas de decis\u00e3o estrat\u00e9gica, sempre com foco em efici\u00eancia e resultados personalizados.<\/p>\t\t\t\t\t\t\t\t<\/div>\n\t\t\t\t<\/div>\n\t\t\t\t<\/div>\n\t\t\t\t<div class=\"elementor-element elementor-element-c58f052 elementor-widget__width-inherit img-servico elementor-widget elementor-widget-image\" data-id=\"c58f052\" data-element_type=\"widget\" data-widget_type=\"image.default\">\n\t\t\t\t<div class=\"elementor-widget-container\">\n\t\t\t\t\t\t\t\t\t\t\t\t\t\t\t<img decoding=\"async\" width=\"615\" height=\"650\" src=\"https:\/\/lp.magiscontabilidade.com.br\/wp-content\/uploads\/2025\/04\/img-sobre-2.jpg\" class=\"attachment-large size-large wp-image-18\" alt=\"\" srcset=\"https:\/\/lp.magiscontabilidade.com.br\/wp-content\/uploads\/2025\/04\/img-sobre-2.jpg 615w, https:\/\/lp.magiscontabilidade.com.br\/wp-content\/uploads\/2025\/04\/img-sobre-2-284x300.jpg 284w\" sizes=\"(max-width: 615px) 100vw, 615px\" \/>\t\t\t\t\t\t\t\t\t\t\t\t\t\t\t<\/div>\n\t\t\t\t<\/div>\n\t\t\t\t<\/div>\n\t\t<div class=\"elementor-element elementor-element-212f653f e-con-full e-flex e-con e-child\" data-id=\"212f653f\" data-element_type=\"container\" data-settings=\"{&quot;background_background&quot;:&quot;classic&quot;}\">\n\t\t<div class=\"elementor-element elementor-element-3d05e48 e-con-full e-flex e-con e-child\" data-id=\"3d05e48\" data-element_type=\"container\">\n\t\t\t\t<div class=\"elementor-element elementor-element-3daac926 elementor-widget elementor-widget-heading\" data-id=\"3daac926\" data-element_type=\"widget\" data-widget_type=\"heading.default\">\n\t\t\t\t<div class=\"elementor-widget-container\">\n\t\t\t\t\t<span class=\"elementor-heading-title elementor-size-default\">Empresarial<\/span>\t\t\t\t<\/div>\n\t\t\t\t<\/div>\n\t\t\t\t<div class=\"elementor-element elementor-element-18f61a3f elementor-widget-mobile__width-initial elementor-widget elementor-widget-heading\" data-id=\"18f61a3f\" data-element_type=\"widget\" data-widget_type=\"heading.default\">\n\t\t\t\t<div class=\"elementor-widget-container\">\n\t\t\t\t\t<h3 class=\"elementor-heading-title elementor-size-default\">Assessoria cont\u00e1bil<\/h3>\t\t\t\t<\/div>\n\t\t\t\t<\/div>\n\t\t\t\t<div class=\"elementor-element elementor-element-5bb29ba elementor-widget elementor-widget-text-editor\" data-id=\"5bb29ba\" data-element_type=\"widget\" data-widget_type=\"text-editor.default\">\n\t\t\t\t<div class=\"elementor-widget-container\">\n\t\t\t\t\t\t\t\t\t<p>Mantenha sua empresa sempre regularizada com nossa assessoria cont\u00e1bil cont\u00ednua.<br data-start=\"537\" data-end=\"540\" \/>Cuidamos do cumprimento de todas as obriga\u00e7\u00f5es fiscais, cont\u00e1beis e trabalhistas, garantindo seguran\u00e7a, organiza\u00e7\u00e3o e tranquilidade para que voc\u00ea possa focar no crescimento do seu neg\u00f3cio.<\/p>\t\t\t\t\t\t\t\t<\/div>\n\t\t\t\t<\/div>\n\t\t\t\t<\/div>\n\t\t\t\t<div class=\"elementor-element elementor-element-2e07b7e9 elementor-widget__width-inherit img-servico elementor-widget elementor-widget-image\" data-id=\"2e07b7e9\" data-element_type=\"widget\" data-widget_type=\"image.default\">\n\t\t\t\t<div class=\"elementor-widget-container\">\n\t\t\t\t\t\t\t\t\t\t\t\t\t\t\t<img loading=\"lazy\" decoding=\"async\" width=\"405\" height=\"350\" src=\"https:\/\/lp.magiscontabilidade.com.br\/wp-content\/uploads\/2025\/04\/img-servico-03.jpg\" class=\"attachment-large size-large wp-image-21\" alt=\"\" srcset=\"https:\/\/lp.magiscontabilidade.com.br\/wp-content\/uploads\/2025\/04\/img-servico-03.jpg 405w, https:\/\/lp.magiscontabilidade.com.br\/wp-content\/uploads\/2025\/04\/img-servico-03-300x259.jpg 300w\" sizes=\"(max-width: 405px) 100vw, 405px\" \/>\t\t\t\t\t\t\t\t\t\t\t\t\t\t\t<\/div>\n\t\t\t\t<\/div>\n\t\t\t\t<\/div>\n\t\t\t\t<\/div>\n\t\t\t\t<div class=\"elementor-element elementor-element-5343e595 btn-whatsapp elementor-widget elementor-widget-button\" data-id=\"5343e595\" data-element_type=\"widget\" data-widget_type=\"button.default\">\n\t\t\t\t<div class=\"elementor-widget-container\">\n\t\t\t\t\t\t\t\t\t<div class=\"elementor-button-wrapper\">\n\t\t\t\t\t<a class=\"elementor-button elementor-button-link elementor-size-sm elementor-animation-bob\" href=\"https:\/\/wa.me\/message\/VO5GHILONDUQC1\">\n\t\t\t\t\t\t<span class=\"elementor-button-content-wrapper\">\n\t\t\t\t\t\t<span class=\"elementor-button-icon\">\n\t\t\t\t<svg aria-hidden=\"true\" class=\"e-font-icon-svg e-fab-whatsapp\" viewBox=\"0 0 448 512\" xmlns=\"http:\/\/www.w3.org\/2000\/svg\"><path d=\"M380.9 97.1C339 55.1 283.2 32 223.9 32c-122.4 0-222 99.6-222 222 0 39.1 10.2 77.3 29.6 111L0 480l117.7-30.9c32.4 17.7 68.9 27 106.1 27h.1c122.3 0 224.1-99.6 224.1-222 0-59.3-25.2-115-67.1-157zm-157 341.6c-33.2 0-65.7-8.9-94-25.7l-6.7-4-69.8 18.3L72 359.2l-4.4-7c-18.5-29.4-28.2-63.3-28.2-98.2 0-101.7 82.8-184.5 184.6-184.5 49.3 0 95.6 19.2 130.4 54.1 34.8 34.9 56.2 81.2 56.1 130.5 0 101.8-84.9 184.6-186.6 184.6zm101.2-138.2c-5.5-2.8-32.8-16.2-37.9-18-5.1-1.9-8.8-2.8-12.5 2.8-3.7 5.6-14.3 18-17.6 21.8-3.2 3.7-6.5 4.2-12 1.4-32.6-16.3-54-29.1-75.5-66-5.7-9.8 5.7-9.1 16.3-30.3 1.8-3.7.9-6.9-.5-9.7-1.4-2.8-12.5-30.1-17.1-41.2-4.5-10.8-9.1-9.3-12.5-9.5-3.2-.2-6.9-.2-10.6-.2-3.7 0-9.7 1.4-14.8 6.9-5.1 5.6-19.4 19-19.4 46.3 0 27.3 19.9 53.7 22.6 57.4 2.8 3.7 39.1 59.7 94.8 83.8 35.2 15.2 49 16.5 66.6 13.9 10.7-1.6 32.8-13.4 37.4-26.4 4.6-13 4.6-24.1 3.2-26.4-1.3-2.5-5-3.9-10.5-6.6z\"><\/path><\/svg>\t\t\t<\/span>\n\t\t\t\t\t\t\t\t\t<span class=\"elementor-button-text\">Fale com um contador agora<\/span>\n\t\t\t\t\t<\/span>\n\t\t\t\t\t<\/a>\n\t\t\t\t<\/div>\n\t\t\t\t\t\t\t\t<\/div>\n\t\t\t\t<\/div>\n\t\t\t\t\t<\/div>\n\t\t\t\t<\/div>\n\t\t\t\t<\/div>\n\t\t","protected":false},"excerpt":{"rendered":"<p>Sua Cl\u00ednica em boas m\u00e3os Solicite agora um Diagn\u00f3stico Cont\u00e1bil Gratuito e descubra estrat\u00e9gias legais para reduzir sua carga tribut\u00e1ria. Fale com um contador agora Com a Magis Contabilidade voc\u00ea tem: Redu\u00e7\u00e3o segura de impostos. Atendimento especializado para profissionais da sa\u00fade. Suporte r\u00e1pido pelo WhatsApp. \u00a0Planos personalizados para cl\u00ednicas m\u00e9dicas. Fale com um contador agora [&hellip;]<\/p>\n","protected":false},"author":1,"featured_media":0,"parent":0,"menu_order":0,"comment_status":"closed","ping_status":"closed","template":"elementor_canvas","meta":{"footnotes":""},"class_list":["post-41","page","type-page","status-publish","hentry"],"_links":{"self":[{"href":"https:\/\/lp.magiscontabilidade.com.br\/landing-page\/wp-json\/wp\/v2\/pages\/41","targetHints":{"allow":["GET"]}}],"collection":[{"href":"https:\/\/lp.magiscontabilidade.com.br\/landing-page\/wp-json\/wp\/v2\/pages"}],"about":[{"href":"https:\/\/lp.magiscontabilidade.com.br\/landing-page\/wp-json\/wp\/v2\/types\/page"}],"author":[{"embeddable":true,"href":"https:\/\/lp.magiscontabilidade.com.br\/landing-page\/wp-json\/wp\/v2\/users\/1"}],"replies":[{"embeddable":true,"href":"https:\/\/lp.magiscontabilidade.com.br\/landing-page\/wp-json\/wp\/v2\/comments?post=41"}],"version-history":[{"count":19,"href":"https:\/\/lp.magiscontabilidade.com.br\/landing-page\/wp-json\/wp\/v2\/pages\/41\/revisions"}],"predecessor-version":[{"id":68,"href":"https:\/\/lp.magiscontabilidade.com.br\/landing-page\/wp-json\/wp\/v2\/pages\/41\/revisions\/68"}],"wp:attachment":[{"href":"https:\/\/lp.magiscontabilidade.com.br\/landing-page\/wp-json\/wp\/v2\/media?parent=41"}],"curies":[{"name":"wp","href":"https:\/\/api.w.org\/{rel}","templated":true}]}}